{"id":7,"date":"2024-08-13T13:22:00","date_gmt":"2024-08-13T13:22:00","guid":{"rendered":"https:\/\/zdrowielegionowo.pl\/?page_id=7"},"modified":"2024-11-03T18:44:48","modified_gmt":"2024-11-03T18:44:48","slug":"strona-glowna","status":"publish","type":"page","link":"https:\/\/zdrowielegionowo.pl\/","title":{"rendered":"Strona g\u0142\u00f3wna"},"content":{"rendered":"\t\t<div data-elementor-type=\"wp-page\" data-elementor-id=\"7\" class=\"elementor elementor-7\" data-elementor-post-type=\"page\">\n\t\t\t\t<div class=\"elementor-element elementor-element-2b1b091 e-con-full e-flex e-con e-parent\" data-id=\"2b1b091\" data-element_type=\"container\" data-e-type=\"container\">\n\t\t<div class=\"elementor-element elementor-element-48e4e99 e-con-full e-flex e-con e-child\" data-id=\"48e4e99\" data-element_type=\"container\" data-e-type=\"container\">\n\t\t\t\t<div class=\"elementor-element elementor-element-0faaf88 elementor-widget elementor-widget-heading\" data-id=\"0faaf88\" data-element_type=\"widget\" data-e-type=\"widget\" data-widget_type=\"heading.default\">\n\t\t\t\t<div class=\"elementor-widget-container\">\n\t\t\t\t\t<h2 class=\"elementor-heading-title elementor-size-default\">CENTRUM\nWSPARCIA FIZYCZNEGO<\/h2>\t\t\t\t<\/div>\n\t\t\t\t<\/div>\n\t\t\t\t<div class=\"elementor-element elementor-element-6e7fcff elementor-widget elementor-widget-text-editor\" data-id=\"6e7fcff\" data-element_type=\"widget\" data-e-type=\"widget\" data-widget_type=\"text-editor.default\">\n\t\t\t\t<div class=\"elementor-widget-container\">\n\t\t\t\t\t\t\t\t\t<p>Centrum Wsparcia Fizycznego, dzia\u0142aj\u0105ce w ramach Legionowskiego Stowarzyszenia AMICUS, to miejsce znane z my\u015blenia o kompleksowym wspieraniu zdrowia i sprawno\u015bci fizycznej. Celem jest pomoc osobom z niepe\u0142nosprawno\u015bciami, jednak nasze drzwi s\u0105 otwarte dla ka\u017cdego, kto wymaga wsparcia w zakresie leczenia i opieki jako\u015bci \u017cycia. Oferujemy szeroki zakres us\u0142ug dost\u0119pnych dla indywidualnych potrzeb, wykonywanych przez specjalist\u00f3w, kt\u00f3rzy z pasj\u0105 anga\u017cuj\u0105 si\u0119 w dbanie o zdrowie naszych pacjent\u00f3w.\u00a0<\/p><p>Podopieczni Warsztat\u00f3w Terapii Zaj\u0119ciowej \u015bw. Rity oraz uczestnicy Klubu Seniora Amicus korzystaj\u0105 z us\u0142ug centum bezp\u0142atnie.<\/p><p>Zapraszamy tak\u017ce osoby z zewn\u0105trz. W ich przypadku oczekiwana b\u0119dzie drobna odp\u0142atno\u015b\u0107. Warunkiem udzielenia pomocy rehabilitacyjnej jest okazanie skierowania od lekarza.\u00a0<\/p><p><a href=\"http:\/\/stowarzyszenieamicus.pl\/centrum-wsparcia-fizycznego-artykul-w-tygodniku-niedziela\/\" target=\"_blank\" rel=\"noopener\">Artyku\u0142 na temat centrum w tygodniku NIEDZIELA<\/a><\/p><p><strong>05-119 Legionowo ul. Orl\u0105t Lwowskich 8\u00a0 \u00a0 <\/strong><strong>tel. (022) 772 82 55<\/strong><\/p><p>Zapraszamy od poniedzia\u0142ku do pi\u0105tku w godzinach: 15:30 do 18:00<\/p>\t\t\t\t\t\t\t\t<\/div>\n\t\t\t\t<\/div>\n\t\t\t\t<\/div>\n\t\t<div class=\"elementor-element elementor-element-654cda0 e-con-full e-flex e-con e-child\" data-id=\"654cda0\" data-element_type=\"container\" data-e-type=\"container\">\n\t\t\t\t<div class=\"elementor-element elementor-element-f4235b9 elementor-widget elementor-widget-image\" data-id=\"f4235b9\" data-element_type=\"widget\" data-e-type=\"widget\" data-widget_type=\"image.default\">\n\t\t\t\t<div class=\"elementor-widget-container\">\n\t\t\t\t\t\t\t\t\t\t\t\t\t\t\t<img fetchpriority=\"high\" decoding=\"async\" width=\"800\" height=\"533\" src=\"https:\/\/zdrowielegionowo.pl\/wp-content\/uploads\/2024\/11\/020_Agata_Kornhauser_Duda_wizyta_Legionowo_20240318_PK1_7346.webp\" class=\"attachment-large size-large wp-image-83\" alt=\"\" srcset=\"https:\/\/zdrowielegionowo.pl\/wp-content\/uploads\/2024\/11\/020_Agata_Kornhauser_Duda_wizyta_Legionowo_20240318_PK1_7346.webp 896w, https:\/\/zdrowielegionowo.pl\/wp-content\/uploads\/2024\/11\/020_Agata_Kornhauser_Duda_wizyta_Legionowo_20240318_PK1_7346-300x200.webp 300w, https:\/\/zdrowielegionowo.pl\/wp-content\/uploads\/2024\/11\/020_Agata_Kornhauser_Duda_wizyta_Legionowo_20240318_PK1_7346-768x512.webp 768w\" sizes=\"(max-width: 800px) 100vw, 800px\" \/>\t\t\t\t\t\t\t\t\t\t\t\t\t\t\t<\/div>\n\t\t\t\t<\/div>\n\t\t\t\t<\/div>\n\t\t\t\t<\/div>\n\t\t<div class=\"elementor-element elementor-element-62161c0 e-con-full e-flex e-con e-parent\" data-id=\"62161c0\" data-element_type=\"container\" data-e-type=\"container\">\n\t\t\t\t<div class=\"elementor-element elementor-element-100e0cd elementor-grid-4 elementor-grid-tablet-2 elementor-grid-mobile-1 elementor-posts--thumbnail-top elementor-card-shadow-yes elementor-posts__hover-gradient elementor-widget elementor-widget-posts\" data-id=\"100e0cd\" data-element_type=\"widget\" data-e-type=\"widget\" data-settings=\"{&quot;cards_columns&quot;:&quot;4&quot;,&quot;cards_columns_tablet&quot;:&quot;2&quot;,&quot;cards_columns_mobile&quot;:&quot;1&quot;,&quot;cards_row_gap&quot;:{&quot;unit&quot;:&quot;px&quot;,&quot;size&quot;:35,&quot;sizes&quot;:[]},&quot;cards_row_gap_tablet&quot;:{&quot;unit&quot;:&quot;px&quot;,&quot;size&quot;:&quot;&quot;,&quot;sizes&quot;:[]},&quot;cards_row_gap_mobile&quot;:{&quot;unit&quot;:&quot;px&quot;,&quot;size&quot;:&quot;&quot;,&quot;sizes&quot;:[]}}\" data-widget_type=\"posts.cards\">\n\t\t\t\t<div class=\"elementor-widget-container\">\n\t\t\t\t\t\t\t<div class=\"elementor-posts-container elementor-posts elementor-posts--skin-cards elementor-grid\" role=\"list\">\n\t\t\t\t<article class=\"elementor-post elementor-grid-item post-1 post type-post status-publish format-standard has-post-thumbnail hentry category-wydarzenia\" role=\"listitem\">\n\t\t\t<div class=\"elementor-post__card\">\n\t\t\t\t<a class=\"elementor-post__thumbnail__link\" href=\"https:\/\/zdrowielegionowo.pl\/index.php\/2024\/08\/13\/hello-world\/\" tabindex=\"-1\" ><div class=\"elementor-post__thumbnail\"><img decoding=\"async\" width=\"300\" height=\"200\" src=\"https:\/\/zdrowielegionowo.pl\/wp-content\/uploads\/2024\/08\/013_Agata_Kornhauser_Duda_wizyta_Legionowo_20240318_PK1_6762-300x200.jpg\" class=\"attachment-medium size-medium wp-image-105\" alt=\"\" srcset=\"https:\/\/zdrowielegionowo.pl\/wp-content\/uploads\/2024\/08\/013_Agata_Kornhauser_Duda_wizyta_Legionowo_20240318_PK1_6762-300x200.jpg 300w, https:\/\/zdrowielegionowo.pl\/wp-content\/uploads\/2024\/08\/013_Agata_Kornhauser_Duda_wizyta_Legionowo_20240318_PK1_6762-1024x683.jpg 1024w, https:\/\/zdrowielegionowo.pl\/wp-content\/uploads\/2024\/08\/013_Agata_Kornhauser_Duda_wizyta_Legionowo_20240318_PK1_6762-768x512.jpg 768w, https:\/\/zdrowielegionowo.pl\/wp-content\/uploads\/2024\/08\/013_Agata_Kornhauser_Duda_wizyta_Legionowo_20240318_PK1_6762-1536x1024.jpg 1536w, https:\/\/zdrowielegionowo.pl\/wp-content\/uploads\/2024\/08\/013_Agata_Kornhauser_Duda_wizyta_Legionowo_20240318_PK1_6762.jpg 1600w\" sizes=\"(max-width: 300px) 100vw, 300px\" \/><\/div><\/a>\n\t\t\t\t<div class=\"elementor-post__text\">\n\t\t\t\t<h3 class=\"elementor-post__title\">\n\t\t\t<a href=\"https:\/\/zdrowielegionowo.pl\/index.php\/2024\/08\/13\/hello-world\/\" >\n\t\t\t\tPierwsza Dama w Klubie Seniora Amicus i WTZ \u015bw. Rity\t\t\t<\/a>\n\t\t<\/h3>\n\t\t\t\t<\/div>\n\t\t\t\t\t<\/div>\n\t\t<\/article>\n\t\t\t\t<article class=\"elementor-post elementor-grid-item post-126 post type-post status-publish format-standard has-post-thumbnail hentry category-terapia\" role=\"listitem\">\n\t\t\t<div class=\"elementor-post__card\">\n\t\t\t\t<a class=\"elementor-post__thumbnail__link\" href=\"https:\/\/zdrowielegionowo.pl\/index.php\/2024\/01\/03\/nowy-zabieg-mobilizacja-tkanek-miekkich\/\" tabindex=\"-1\" ><div class=\"elementor-post__thumbnail\"><img decoding=\"async\" width=\"300\" height=\"200\" src=\"https:\/\/zdrowielegionowo.pl\/wp-content\/uploads\/2024\/11\/12177-300x200.jpg\" class=\"attachment-medium size-medium wp-image-127\" alt=\"\" srcset=\"https:\/\/zdrowielegionowo.pl\/wp-content\/uploads\/2024\/11\/12177-300x200.jpg 300w, https:\/\/zdrowielegionowo.pl\/wp-content\/uploads\/2024\/11\/12177-768x512.jpg 768w, https:\/\/zdrowielegionowo.pl\/wp-content\/uploads\/2024\/11\/12177.jpg 1000w\" sizes=\"(max-width: 300px) 100vw, 300px\" \/><\/div><\/a>\n\t\t\t\t<div class=\"elementor-post__text\">\n\t\t\t\t<h3 class=\"elementor-post__title\">\n\t\t\t<a href=\"https:\/\/zdrowielegionowo.pl\/index.php\/2024\/01\/03\/nowy-zabieg-mobilizacja-tkanek-miekkich\/\" >\n\t\t\t\tNowy zabieg &#8211; mobilizacja tkanek mi\u0119kkich\t\t\t<\/a>\n\t\t<\/h3>\n\t\t\t\t<\/div>\n\t\t\t\t\t<\/div>\n\t\t<\/article>\n\t\t\t\t<article class=\"elementor-post elementor-grid-item post-112 post type-post status-publish format-standard has-post-thumbnail hentry category-wydarzenia\" role=\"listitem\">\n\t\t\t<div class=\"elementor-post__card\">\n\t\t\t\t<a class=\"elementor-post__thumbnail__link\" href=\"https:\/\/zdrowielegionowo.pl\/index.php\/2023\/11\/07\/znaczace-nagrody-dla-amicus-w-roku-2023\/\" tabindex=\"-1\" ><div class=\"elementor-post__thumbnail\"><img loading=\"lazy\" decoding=\"async\" width=\"300\" height=\"225\" src=\"https:\/\/zdrowielegionowo.pl\/wp-content\/uploads\/2024\/11\/400715049_303951869102890_679181782410863840_n-300x225.jpg\" class=\"attachment-medium size-medium wp-image-113\" alt=\"\" srcset=\"https:\/\/zdrowielegionowo.pl\/wp-content\/uploads\/2024\/11\/400715049_303951869102890_679181782410863840_n-300x225.jpg 300w, https:\/\/zdrowielegionowo.pl\/wp-content\/uploads\/2024\/11\/400715049_303951869102890_679181782410863840_n-768x576.jpg 768w, https:\/\/zdrowielegionowo.pl\/wp-content\/uploads\/2024\/11\/400715049_303951869102890_679181782410863840_n.jpg 1024w\" sizes=\"(max-width: 300px) 100vw, 300px\" \/><\/div><\/a>\n\t\t\t\t<div class=\"elementor-post__text\">\n\t\t\t\t<h3 class=\"elementor-post__title\">\n\t\t\t<a href=\"https:\/\/zdrowielegionowo.pl\/index.php\/2023\/11\/07\/znaczace-nagrody-dla-amicus-w-roku-2023\/\" >\n\t\t\t\tZnacz\u0105ce nagrody dla Amicus w roku 2023\t\t\t<\/a>\n\t\t<\/h3>\n\t\t\t\t<\/div>\n\t\t\t\t\t<\/div>\n\t\t<\/article>\n\t\t\t\t<article class=\"elementor-post elementor-grid-item post-115 post type-post status-publish format-standard has-post-thumbnail hentry category-wydarzenia\" role=\"listitem\">\n\t\t\t<div class=\"elementor-post__card\">\n\t\t\t\t<a class=\"elementor-post__thumbnail__link\" href=\"https:\/\/zdrowielegionowo.pl\/index.php\/2022\/11\/25\/centrum-wsparcia-fizycznego-rozpoczelo-dzialalnosc\/\" tabindex=\"-1\" ><div class=\"elementor-post__thumbnail\"><img loading=\"lazy\" decoding=\"async\" width=\"300\" height=\"200\" src=\"https:\/\/zdrowielegionowo.pl\/wp-content\/uploads\/2024\/11\/316527837_137452899086122_6421277843491557545_n-300x200.jpg\" class=\"attachment-medium size-medium wp-image-117\" alt=\"\" srcset=\"https:\/\/zdrowielegionowo.pl\/wp-content\/uploads\/2024\/11\/316527837_137452899086122_6421277843491557545_n-300x200.jpg 300w, https:\/\/zdrowielegionowo.pl\/wp-content\/uploads\/2024\/11\/316527837_137452899086122_6421277843491557545_n-1024x683.jpg 1024w, https:\/\/zdrowielegionowo.pl\/wp-content\/uploads\/2024\/11\/316527837_137452899086122_6421277843491557545_n-768x512.jpg 768w, https:\/\/zdrowielegionowo.pl\/wp-content\/uploads\/2024\/11\/316527837_137452899086122_6421277843491557545_n.jpg 1200w\" sizes=\"(max-width: 300px) 100vw, 300px\" \/><\/div><\/a>\n\t\t\t\t<div class=\"elementor-post__text\">\n\t\t\t\t<h3 class=\"elementor-post__title\">\n\t\t\t<a href=\"https:\/\/zdrowielegionowo.pl\/index.php\/2022\/11\/25\/centrum-wsparcia-fizycznego-rozpoczelo-dzialalnosc\/\" >\n\t\t\t\tCentrum Wsparcia Fizycznego rozpocz\u0119\u0142o dzia\u0142alno\u015b\u0107\t\t\t<\/a>\n\t\t<\/h3>\n\t\t\t\t<\/div>\n\t\t\t\t\t<\/div>\n\t\t<\/article>\n\t\t\t\t<\/div>\n\t\t\n\t\t\t\t\t\t<\/div>\n\t\t\t\t<\/div>\n\t\t\t\t<\/div>\n\t\t<div class=\"elementor-element elementor-element-7b6ac8d e-con-full e-flex e-con e-parent\" data-id=\"7b6ac8d\" data-element_type=\"container\" data-e-type=\"container\">\n\t\t<div class=\"elementor-element elementor-element-1ad72f9 e-con-full e-flex e-con e-child\" data-id=\"1ad72f9\" data-element_type=\"container\" data-e-type=\"container\">\n\t\t\t\t<div class=\"elementor-element elementor-element-c7c9d76 elementor-widget elementor-widget-image\" data-id=\"c7c9d76\" data-element_type=\"widget\" data-e-type=\"widget\" data-widget_type=\"image.default\">\n\t\t\t\t<div class=\"elementor-widget-container\">\n\t\t\t\t\t\t\t\t\t\t\t\t\t\t\t<img loading=\"lazy\" decoding=\"async\" width=\"800\" height=\"532\" src=\"https:\/\/zdrowielegionowo.pl\/wp-content\/uploads\/2024\/11\/2149115640.jpg\" class=\"attachment-large size-large wp-image-88\" alt=\"\" srcset=\"https:\/\/zdrowielegionowo.pl\/wp-content\/uploads\/2024\/11\/2149115640.jpg 1000w, https:\/\/zdrowielegionowo.pl\/wp-content\/uploads\/2024\/11\/2149115640-300x200.jpg 300w, https:\/\/zdrowielegionowo.pl\/wp-content\/uploads\/2024\/11\/2149115640-768x511.jpg 768w\" sizes=\"(max-width: 800px) 100vw, 800px\" \/>\t\t\t\t\t\t\t\t\t\t\t\t\t\t\t<\/div>\n\t\t\t\t<\/div>\n\t\t\t\t<\/div>\n\t\t<div class=\"elementor-element elementor-element-7bb8f9b e-con-full e-flex e-con e-child\" data-id=\"7bb8f9b\" data-element_type=\"container\" data-e-type=\"container\">\n\t\t\t\t<div class=\"elementor-element elementor-element-e648770 elementor-widget elementor-widget-heading\" data-id=\"e648770\" data-element_type=\"widget\" data-e-type=\"widget\" data-widget_type=\"heading.default\">\n\t\t\t\t<div class=\"elementor-widget-container\">\n\t\t\t\t\t<h2 class=\"elementor-heading-title elementor-size-default\">GABINETY REHABILITACYJNE OFERUJ\u0104<\/h2>\t\t\t\t<\/div>\n\t\t\t\t<\/div>\n\t\t\t\t<div class=\"elementor-element elementor-element-46461f7 elementor-widget elementor-widget-text-editor\" data-id=\"46461f7\" data-element_type=\"widget\" data-e-type=\"widget\" data-widget_type=\"text-editor.default\">\n\t\t\t\t<div class=\"elementor-widget-container\">\n\t\t\t\t\t\t\t\t\t<p>Oferujemy us\u0142ugi rehabilitacyjne dla m\u0142odzie\u017cy, doros\u0142ych oraz os\u00f3b starszych. Rehabilitacja prowadzona jest przez profesjonaln\u0105 i do\u015bwiadczon\u0105 kadr\u0119 fizjoterapeut\u00f3w wed\u0142ug najwy\u017cszych standard\u00f3w. Jest dostosowana do indywidualnych potrzeb ka\u017cdego pacjenta.\u00a0<\/p><p>Oferta rehabilitacji obejmuje:<\/p><ul><li>Elektroterapi\u0119: TENS, galwanizacj\u0119, jonoferez\u0119, stymulacj\u0119 Kotza, pr\u0105d Traberta, pr\u0105dy interferencyjne, pr\u0105dy diadynamiczne, stymulacj\u0119 mi\u0119\u015bni.<\/li><li>Ultrad\u017awi\u0119ki,<\/li><li>Pole magnetyczne,<\/li><li>Masa\u017c leczniczy,<\/li><li>Drena\u017c limfatyczny,<\/li><li>Fal\u0119 uderzeniow\u0105<\/li><li>Terapi\u0119 manualn\u0105: terapia punkt\u00f3w spustowych, mobilizacja tkanek mi\u0119kkich,<\/li><li>Sal\u0119 do \u0107wicze\u0144 usprawniaj\u0105cych: izometryczne, czynne, w podwieszeniu<\/li><\/ul>\t\t\t\t\t\t\t\t<\/div>\n\t\t\t\t<\/div>\n\t\t\t\t<\/div>\n\t\t\t\t<\/div>\n\t\t<div class=\"elementor-element elementor-element-e9249af e-con-full e-flex e-con e-parent\" data-id=\"e9249af\" data-element_type=\"container\" data-e-type=\"container\">\n\t\t<div class=\"elementor-element elementor-element-e4aa7fa e-con-full e-flex e-con e-child\" data-id=\"e4aa7fa\" data-element_type=\"container\" data-e-type=\"container\">\n\t\t\t\t<div class=\"elementor-element elementor-element-8f0ef30 elementor-widget elementor-widget-heading\" data-id=\"8f0ef30\" data-element_type=\"widget\" data-e-type=\"widget\" data-widget_type=\"heading.default\">\n\t\t\t\t<div class=\"elementor-widget-container\">\n\t\t\t\t\t<h2 class=\"elementor-heading-title elementor-size-default\">PODOPIECZNI WTZ \u015aW. RITY<\/h2>\t\t\t\t<\/div>\n\t\t\t\t<\/div>\n\t\t\t\t<div class=\"elementor-element elementor-element-81e19dd elementor-widget elementor-widget-text-editor\" data-id=\"81e19dd\" data-element_type=\"widget\" data-e-type=\"widget\" data-widget_type=\"text-editor.default\">\n\t\t\t\t<div class=\"elementor-widget-container\">\n\t\t\t\t\t\t\t\t\t<p>Centrum Wsparcia Fizycznego dzia\u0142a na rzecz p<span style=\"color: var( --e-global-color-text ); text-align: var(--text-align); font-size: 1rem;\">odopiecznych Warsztat\u00f3w Terapii Zaj\u0119ciowej \u015bw. Rity<\/span><span>, co przyczynia si\u0119 poprawy ich jako\u015bci \u017cycia.<\/span><\/p><p><span>Centrum tworzy plany rehabilitacyjne, kt\u00f3re s\u0105 rozwi\u0105zaniami indywidualnymi dla ka\u017cdej osoby. Umo\u017cliwia skuteczniejsze osi\u0105ganie cel\u00f3w rehabilitacyjnych, takich jak poprawa ruchomo\u015bci, kontrola si\u0142y.<\/span><\/p><p><span>Osoby mog\u0105 by\u0107 obj\u0119te opiek\u0105 wielu specjalist\u00f3w \u2013 od fizjoterapeut\u00f3w i terapeut\u00f3w zaj\u0119ciowych, po psycholog\u00f3w i specjalist\u00f3w od terapii naturalnych. Taka kompleksowa opieka pomaga w holistycznym zakresie opieki zdrowotnej i spo\u0142ecznej.<\/span><\/p><p><span>Centrum jest wyposa\u017cone w nowoczesne urz\u0105dzenia i technologie, kt\u00f3re wspieraj\u0105 proces rehabilitacji, u\u0142atwiaj\u0105c osi\u0105ganie post\u0119p\u00f3w nawet w wymagaj\u0105cych przypadkach.<\/span><\/p><p>Centrum organizuje warsztaty i spotkania, kt\u00f3re wspieraj\u0105 budowanie relacji i wsparcia w spo\u0142eczno\u015bci.<\/p>\t\t\t\t\t\t\t\t<\/div>\n\t\t\t\t<\/div>\n\t\t\t\t<\/div>\n\t\t<div class=\"elementor-element elementor-element-c9fe8f8 e-con-full e-flex e-con e-child\" data-id=\"c9fe8f8\" data-element_type=\"container\" data-e-type=\"container\">\n\t\t\t\t<div class=\"elementor-element elementor-element-2d77fcc elementor-widget elementor-widget-image\" data-id=\"2d77fcc\" data-element_type=\"widget\" data-e-type=\"widget\" data-widget_type=\"image.default\">\n\t\t\t\t<div class=\"elementor-widget-container\">\n\t\t\t\t\t\t\t\t\t\t\t\t\t\t\t<img loading=\"lazy\" decoding=\"async\" width=\"800\" height=\"533\" src=\"https:\/\/zdrowielegionowo.pl\/wp-content\/uploads\/2024\/11\/017_Agata_Kornhauser_Duda_wizyta_Legionowo_20240318_PK1_7107.webp\" class=\"attachment-large size-large wp-image-93\" alt=\"\" srcset=\"https:\/\/zdrowielegionowo.pl\/wp-content\/uploads\/2024\/11\/017_Agata_Kornhauser_Duda_wizyta_Legionowo_20240318_PK1_7107.webp 896w, https:\/\/zdrowielegionowo.pl\/wp-content\/uploads\/2024\/11\/017_Agata_Kornhauser_Duda_wizyta_Legionowo_20240318_PK1_7107-300x200.webp 300w, https:\/\/zdrowielegionowo.pl\/wp-content\/uploads\/2024\/11\/017_Agata_Kornhauser_Duda_wizyta_Legionowo_20240318_PK1_7107-768x512.webp 768w\" sizes=\"(max-width: 800px) 100vw, 800px\" \/>\t\t\t\t\t\t\t\t\t\t\t\t\t\t\t<\/div>\n\t\t\t\t<\/div>\n\t\t\t\t<\/div>\n\t\t\t\t<\/div>\n\t\t<div class=\"elementor-element elementor-element-fa718ab e-con-full e-flex e-con e-parent\" data-id=\"fa718ab\" data-element_type=\"container\" data-e-type=\"container\">\n\t\t<div class=\"elementor-element elementor-element-ae43913 e-con-full e-flex e-con e-child\" data-id=\"ae43913\" data-element_type=\"container\" data-e-type=\"container\">\n\t\t\t\t<div class=\"elementor-element elementor-element-040b6ea elementor-widget elementor-widget-image\" data-id=\"040b6ea\" data-element_type=\"widget\" data-e-type=\"widget\" data-widget_type=\"image.default\">\n\t\t\t\t<div class=\"elementor-widget-container\">\n\t\t\t\t\t\t\t\t\t\t\t\t\t\t\t<img loading=\"lazy\" decoding=\"async\" width=\"800\" height=\"533\" src=\"https:\/\/zdrowielegionowo.pl\/wp-content\/uploads\/2024\/11\/009_Agata_Kornhauser_Duda_wizyta_Legionowo_20240318_PK1_6367.webp\" class=\"attachment-large size-large wp-image-94\" alt=\"\" srcset=\"https:\/\/zdrowielegionowo.pl\/wp-content\/uploads\/2024\/11\/009_Agata_Kornhauser_Duda_wizyta_Legionowo_20240318_PK1_6367.webp 896w, https:\/\/zdrowielegionowo.pl\/wp-content\/uploads\/2024\/11\/009_Agata_Kornhauser_Duda_wizyta_Legionowo_20240318_PK1_6367-300x200.webp 300w, https:\/\/zdrowielegionowo.pl\/wp-content\/uploads\/2024\/11\/009_Agata_Kornhauser_Duda_wizyta_Legionowo_20240318_PK1_6367-768x512.webp 768w\" sizes=\"(max-width: 800px) 100vw, 800px\" \/>\t\t\t\t\t\t\t\t\t\t\t\t\t\t\t<\/div>\n\t\t\t\t<\/div>\n\t\t\t\t<\/div>\n\t\t<div class=\"elementor-element elementor-element-ec013e8 e-con-full e-flex e-con e-child\" data-id=\"ec013e8\" data-element_type=\"container\" data-e-type=\"container\">\n\t\t\t\t<div class=\"elementor-element elementor-element-c1368c5 elementor-widget elementor-widget-heading\" data-id=\"c1368c5\" data-element_type=\"widget\" data-e-type=\"widget\" data-widget_type=\"heading.default\">\n\t\t\t\t<div class=\"elementor-widget-container\">\n\t\t\t\t\t<h2 class=\"elementor-heading-title elementor-size-default\">UCZESTNICY KLUBU SENIORA<\/h2>\t\t\t\t<\/div>\n\t\t\t\t<\/div>\n\t\t\t\t<div class=\"elementor-element elementor-element-44fbd4d elementor-widget elementor-widget-text-editor\" data-id=\"44fbd4d\" data-element_type=\"widget\" data-e-type=\"widget\" data-widget_type=\"text-editor.default\">\n\t\t\t\t<div class=\"elementor-widget-container\">\n\t\t\t\t\t\t\t\t\t<p>Centrum Wsparcia Fizycznego jest znacz\u0105cym wsparciem dla senior\u00f3w, co przyczynia si\u0119 do poprawy ich jako\u015bci \u017cycia.<\/p><p><span style=\"color: var( --e-global-color-text ); text-align: var(--text-align); font-size: 1rem;\">Seniorzy mog\u0105 korzysta\u0107 z dodatkowych program\u00f3w rehabilitacyjnych, kt\u00f3re koncentruj\u0105 si\u0119 na poprawie r\u00f3wnowagi, zwi\u0119kszeniu si\u0142y mi\u0119\u015bniowej i mobilno\u015bci.<\/span><\/p><p><span style=\"color: var( --e-global-color-text ); text-align: var(--text-align); font-size: 1rem;\">W ofercie znajduj\u0105 si\u0119\u00a0terapie przeciwb\u00f3lowe, takich jak masa\u017c terapeutyczny, czy fizykoterapia, kt\u00f3re daj\u0105 ulg\u0119 przy b\u00f3lu chronicznym cz\u0119sto towarzysz\u0105cym starszym osobom.<\/span><\/p><p><span style=\"color: var( --e-global-color-text ); text-align: var(--text-align); font-size: 1rem;\">Centrum oferuje tak\u017ce zaj\u0119cia edukacyjne na tematy zwi\u0105zane ze zdrowiem, diet\u0105, samoopiek\u0105 i zarz\u0105dzaniem lekami, kt\u00f3re s\u0105 istotne dla samodzielno\u015bci i jako\u015bci \u017cycia senior\u00f3w.<\/span><\/p><p>Wa\u017cny jest dost\u0119p do wsparcia psychologicznego dla senior\u00f3w, szczeg\u00f3lnie dla tych, kt\u00f3rzy borykaj\u0105 si\u0119 z osamotnieniem, depresj\u0105 lub trudno\u015bciami adaptacyjnymi zwi\u0105zanymi ze starzeniem si\u0119.<\/p>\t\t\t\t\t\t\t\t<\/div>\n\t\t\t\t<\/div>\n\t\t\t\t<\/div>\n\t\t\t\t<\/div>\n\t\t\t\t<\/div>\n\t\t","protected":false},"excerpt":{"rendered":"<p>CENTRUM WSPARCIA FIZYCZNEGO Centrum Wsparcia Fizycznego, dzia\u0142aj\u0105ce w ramach Legionowskiego Stowarzyszenia AMICUS, to miejsce znane z my\u015blenia o kompleksowym wspieraniu zdrowia i sprawno\u015bci fizycznej. Celem<\/p>\n","protected":false},"author":1,"featured_media":0,"parent":0,"menu_order":0,"comment_status":"closed","ping_status":"closed","template":"elementor_header_footer","meta":{"footnotes":""},"class_list":["post-7","page","type-page","status-publish","hentry"],"_links":{"self":[{"href":"https:\/\/zdrowielegionowo.pl\/index.php\/wp-json\/wp\/v2\/pages\/7","targetHints":{"allow":["GET"]}}],"collection":[{"href":"https:\/\/zdrowielegionowo.pl\/index.php\/wp-json\/wp\/v2\/pages"}],"about":[{"href":"https:\/\/zdrowielegionowo.pl\/index.php\/wp-json\/wp\/v2\/types\/page"}],"author":[{"embeddable":true,"href":"https:\/\/zdrowielegionowo.pl\/index.php\/wp-json\/wp\/v2\/users\/1"}],"replies":[{"embeddable":true,"href":"https:\/\/zdrowielegionowo.pl\/index.php\/wp-json\/wp\/v2\/comments?post=7"}],"version-history":[{"count":22,"href":"https:\/\/zdrowielegionowo.pl\/index.php\/wp-json\/wp\/v2\/pages\/7\/revisions"}],"predecessor-version":[{"id":103,"href":"https:\/\/zdrowielegionowo.pl\/index.php\/wp-json\/wp\/v2\/pages\/7\/revisions\/103"}],"wp:attachment":[{"href":"https:\/\/zdrowielegionowo.pl\/index.php\/wp-json\/wp\/v2\/media?parent=7"}],"curies":[{"name":"wp","href":"https:\/\/api.w.org\/{rel}","templated":true}]}}