{"id":152,"date":"2024-11-03T20:55:06","date_gmt":"2024-11-03T20:55:06","guid":{"rendered":"https:\/\/zdrowielegionowo.pl\/?page_id=152"},"modified":"2024-11-03T20:55:06","modified_gmt":"2024-11-03T20:55:06","slug":"wypozyczalnia-sprzetu-rehabilitacyjnego","status":"publish","type":"page","link":"https:\/\/zdrowielegionowo.pl\/index.php\/wypozyczalnia-sprzetu-rehabilitacyjnego\/","title":{"rendered":"Wypo\u017cyczalnia sprz\u0119tu rehabilitacyjnego"},"content":{"rendered":"<p>Wypo\u017cyczalnia sprz\u0119tu rehabilitacyjnego w Legionowie jest otwarta we wtorki od 12:00 do 14:00 oraz we czwartki od 14:00 do 16:00.<\/p>\n<p>Wypo\u017cyczalnia dysponuje nast\u0119puj\u0105cym sprz\u0119tem:<\/p>\n<ul>\n<li>koncentrator tlenu,<\/li>\n<li>materac przeciwodle\u017cynowy pneumatyczny rurowy,<\/li>\n<li>\u0142\u00f3\u017cko rehabilitacyjno-ortopedyczne sterowane pilotem (z materacem),<\/li>\n<li>w\u00f3zek inwalidzki dla osoby doros\u0142ej,<\/li>\n<li>w\u00f3zek inwalidzki dla dzieci,<\/li>\n<li>kule inwalidzkie,<\/li>\n<li>chodzik (o wzmocnionym ud\u017awigu),<\/li>\n<li>ssaki<\/li>\n<li>w\u00f3zki toaletowe<\/li>\n<li>inny, drobny sprz\u0119t rehabilitacyjny<\/li>\n<\/ul>\n<p>&nbsp;<\/p>\n","protected":false},"excerpt":{"rendered":"<p>Wypo\u017cyczalnia sprz\u0119tu rehabilitacyjnego w Legionowie jest otwarta we wtorki od 12:00 do 14:00 oraz we czwartki od 14:00 do 16:00. Wypo\u017cyczalnia dysponuje nast\u0119puj\u0105cym sprz\u0119tem: koncentrator tlenu, materac przeciwodle\u017cynowy pneumatyczny rurowy, \u0142\u00f3\u017cko rehabilitacyjno-ortopedyczne sterowane pilotem (z materacem), w\u00f3zek inwalidzki dla osoby doros\u0142ej, w\u00f3zek inwalidzki dla dzieci, kule inwalidzkie, chodzik (o wzmocnionym ud\u017awigu), ssaki w\u00f3zki toaletowe inny, [&hellip;]<\/p>\n","protected":false},"author":1,"featured_media":0,"parent":0,"menu_order":0,"comment_status":"closed","ping_status":"closed","template":"","meta":{"footnotes":""},"class_list":["post-152","page","type-page","status-publish","hentry"],"_links":{"self":[{"href":"https:\/\/zdrowielegionowo.pl\/index.php\/wp-json\/wp\/v2\/pages\/152","targetHints":{"allow":["GET"]}}],"collection":[{"href":"https:\/\/zdrowielegionowo.pl\/index.php\/wp-json\/wp\/v2\/pages"}],"about":[{"href":"https:\/\/zdrowielegionowo.pl\/index.php\/wp-json\/wp\/v2\/types\/page"}],"author":[{"embeddable":true,"href":"https:\/\/zdrowielegionowo.pl\/index.php\/wp-json\/wp\/v2\/users\/1"}],"replies":[{"embeddable":true,"href":"https:\/\/zdrowielegionowo.pl\/index.php\/wp-json\/wp\/v2\/comments?post=152"}],"version-history":[{"count":1,"href":"https:\/\/zdrowielegionowo.pl\/index.php\/wp-json\/wp\/v2\/pages\/152\/revisions"}],"predecessor-version":[{"id":153,"href":"https:\/\/zdrowielegionowo.pl\/index.php\/wp-json\/wp\/v2\/pages\/152\/revisions\/153"}],"wp:attachment":[{"href":"https:\/\/zdrowielegionowo.pl\/index.php\/wp-json\/wp\/v2\/media?parent=152"}],"curies":[{"name":"wp","href":"https:\/\/api.w.org\/{rel}","templated":true}]}}