{"id":137,"date":"2024-11-03T20:16:56","date_gmt":"2024-11-03T20:16:56","guid":{"rendered":"https:\/\/zdrowielegionowo.pl\/?page_id=137"},"modified":"2024-11-03T20:16:56","modified_gmt":"2024-11-03T20:16:56","slug":"fala-uderzeniowa","status":"publish","type":"page","link":"https:\/\/zdrowielegionowo.pl\/index.php\/fala-uderzeniowa\/","title":{"rendered":"Fala uderzeniowa"},"content":{"rendered":"<p>Fala uderzeniowa to nieinwazyjna metoda fizykoterapeutyczna, kt\u00f3ra wykorzystuje energi\u0119 z fali akustycznej w leczeniu schorze\u0144. Wskazaniami do terapii fal\u0105 uderzeniow\u0105 s\u0105 m. in. przewlek\u0142e b\u00f3le kr\u0119gos\u0142upa, zmiany zwyrodnieniowe staw\u00f3w, ostrogi pi\u0119towe, \u0142okie\u0107 tenisisty, b\u00f3l barku czy zapalenie \u015bci\u0119gien. Fala uderzeniowa ma dzia\u0142anie przeciwb\u00f3lowe, przeciwzapalne, pobudza r\u00f3wnie\u017c kr\u0105\u017cenie krwi oraz odpr\u0119\u017ca i relaksuje.<\/p>\n<p>Fala uderzeniowa jest nowym zabiegiem wykorzystywanym w rehabilitacji schorze\u0144 narz\u0105du ruchu. Jest okre\u015blana jako okresowe wahania ci\u015bnienia, kt\u00f3re bardzo szybko rozprasza si\u0119 w przestrzeni. Fala uderzeniowa cechuje si\u0119 niezwykle gwa\u0142townym wzrostem amplitudy ci\u015bnienia: 50\u2013100 MPa. Taka warto\u015b\u0107 przypisana jest do jej przedniej cz\u0119\u015bci. Okres wspomnianego wzrostu jest stosunkowo kr\u00f3tki i wynosi poni\u017cej 10 ns. Nast\u0119pnie w czasie 1 \u03bcs dochodzi do spadku jego warto\u015bci, kt\u00f3ry utrzymywany jest na jednakowym poziomie blisko 10 \u03bcs.<\/p>\n<p>Rezultatem terapii fal\u0105 uderzeniow\u0105 jest dzia\u0142anie przeciwb\u00f3lowe, przyspieszenie proces\u00f3w regeneracji tkanek, intensyfikacja syntezy kolagenu oraz proces angiogenezy, czyli tworzenia nowych naczy\u0144 krwiono\u015bnych. Dzia\u0142em fizjoterapii, kt\u00f3ry wykorzystuje fal\u0119 uderzeniow\u0105 jest fizykoterapia.<\/p>\n<p>Zabiegi fal\u0105 uderzeniow\u0105 polegaj\u0105 na zastosowaniu specjalnego urz\u0105dzenia emituj\u0105cego fale. Po zebraniu wywiadu, przeanalizowaniu ewentualnych wynik\u00f3w bada\u0144 obrazowych oraz okre\u015bleniu najwi\u0119kszej tkliwo\u015bci przyst\u0119puje si\u0119 do ustawienia w\u0142a\u015bciwych parametr\u00f3w oraz rozpocz\u0119cia zabiegu. Na g\u0142owic\u0119 emituj\u0105c\u0105 fal\u0119 uderzeniow\u0105 nak\u0142ada si\u0119 \u017cel, a nast\u0119pnie przyk\u0142ada j\u0105 bezpo\u015brednio do danego miejsca na ciele. Podczas terapii mo\u017ce pojawi\u0107 si\u0119 b\u00f3l, jego intensywno\u015b\u0107 jest uzale\u017cniona od zastosowanych parametr\u00f3w, problemu pacjenta oraz tego, jaki jest charakter schorzenia.<\/p>\n<p>Rehabilitacja fal\u0105 uderzeniow\u0105 staje si\u0119 coraz popularniejsza, najcz\u0119\u015bciej stosuje si\u0119 ten zabieg rehabilitacyjny w schorzeniach narz\u0105du ruchu. Zalet\u0105 jest stosunkowo kr\u00f3tka terapia, w por\u00f3wnaniu do innych form leczenia, kt\u00f3re trwaj\u0105 czasem nawet kilka miesi\u0119cy. Rezultat najcz\u0119\u015bciej mo\u017cna zaobserwowa\u0107 ju\u017c po pierwszym zabiegu. Szczeg\u00f3lnie zauwa\u017calne jest to przy zastosowaniu na ostrogi pi\u0119towe. Leczenie fal\u0105 uderzeniow\u0105 jest wskazane g\u0142\u00f3wnie w przypadku:<\/p>\n<ul>\n<li>zapalenia rozci\u0119gna podeszwowego,<\/li>\n<li>b\u00f3lu pi\u0119ty, tak\u017ce ostr\u00f3g pi\u0119towych (fale uderzeniowe na ostrogi s\u0105 bardzo cz\u0119sto rekomendowanym zabiegiem, opinie specjalist\u00f3w co do stosowania s\u0105 bardzo przychylne),<\/li>\n<li>schorzenia okre\u015blanego jako \u0142okie\u0107 golfisty oraz \u0142okie\u0107 tenisisty,<\/li>\n<li>haluks\u00f3w,<\/li>\n<li>zapalenia sto\u017cka rotator\u00f3w,<\/li>\n<li>przewlek\u0142ych zapaleniach struktur \u015bci\u0119gnistych,<\/li>\n<li>terapii punkt\u00f3w spustowych,<\/li>\n<li>utrudnionego zrostu kostnego,<\/li>\n<li>zespo\u0142ach b\u00f3lowych i przeci\u0105\u017ceniowych narz\u0105du ruchu.<\/li>\n<\/ul>\n<p>&nbsp;<\/p>\n","protected":false},"excerpt":{"rendered":"<p>Fala uderzeniowa to nieinwazyjna metoda fizykoterapeutyczna, kt\u00f3ra wykorzystuje energi\u0119 z fali akustycznej w leczeniu schorze\u0144. Wskazaniami do terapii fal\u0105 uderzeniow\u0105 s\u0105 m. in. przewlek\u0142e b\u00f3le kr\u0119gos\u0142upa, zmiany zwyrodnieniowe staw\u00f3w, ostrogi pi\u0119towe, \u0142okie\u0107 tenisisty, b\u00f3l barku czy zapalenie \u015bci\u0119gien. Fala uderzeniowa ma dzia\u0142anie przeciwb\u00f3lowe, przeciwzapalne, pobudza r\u00f3wnie\u017c kr\u0105\u017cenie krwi oraz odpr\u0119\u017ca i relaksuje. Fala uderzeniowa jest [&hellip;]<\/p>\n","protected":false},"author":1,"featured_media":0,"parent":0,"menu_order":0,"comment_status":"closed","ping_status":"closed","template":"","meta":{"footnotes":""},"class_list":["post-137","page","type-page","status-publish","hentry"],"_links":{"self":[{"href":"https:\/\/zdrowielegionowo.pl\/index.php\/wp-json\/wp\/v2\/pages\/137","targetHints":{"allow":["GET"]}}],"collection":[{"href":"https:\/\/zdrowielegionowo.pl\/index.php\/wp-json\/wp\/v2\/pages"}],"about":[{"href":"https:\/\/zdrowielegionowo.pl\/index.php\/wp-json\/wp\/v2\/types\/page"}],"author":[{"embeddable":true,"href":"https:\/\/zdrowielegionowo.pl\/index.php\/wp-json\/wp\/v2\/users\/1"}],"replies":[{"embeddable":true,"href":"https:\/\/zdrowielegionowo.pl\/index.php\/wp-json\/wp\/v2\/comments?post=137"}],"version-history":[{"count":1,"href":"https:\/\/zdrowielegionowo.pl\/index.php\/wp-json\/wp\/v2\/pages\/137\/revisions"}],"predecessor-version":[{"id":138,"href":"https:\/\/zdrowielegionowo.pl\/index.php\/wp-json\/wp\/v2\/pages\/137\/revisions\/138"}],"wp:attachment":[{"href":"https:\/\/zdrowielegionowo.pl\/index.php\/wp-json\/wp\/v2\/media?parent=137"}],"curies":[{"name":"wp","href":"https:\/\/api.w.org\/{rel}","templated":true}]}}