{"id":133,"date":"2024-11-03T20:08:59","date_gmt":"2024-11-03T20:08:59","guid":{"rendered":"https:\/\/zdrowielegionowo.pl\/?page_id=133"},"modified":"2024-11-03T20:08:59","modified_gmt":"2024-11-03T20:08:59","slug":"masaz-leczniczy","status":"publish","type":"page","link":"https:\/\/zdrowielegionowo.pl\/index.php\/masaz-leczniczy\/","title":{"rendered":"Masa\u017c leczniczy"},"content":{"rendered":"<p>Masa\u017cem nazywamy czynno\u015bci, poprzez kt\u00f3re masa\u017cysta dzia\u0142a mechanicznie na sk\u00f3r\u0119, tkanki podsk\u00f3rne, mi\u0119\u015bnie, \u015bci\u0119gna, wi\u0119zad\u0142a, powi\u0119\u017a, torebki i\u00a0wi\u0119zad\u0142a stawowe, uk\u0142ad nerwowy (g\u0142\u00f3wnie receptory nerwowe), naczynia krwiono\u015bne i\u00a0limfatyczne, a\u00a0tak\u017ce na zasadzie zmian odruchowych, na uk\u0142ad kr\u0105\u017cenia, oddechowy, wewn\u0105trzwydzielniczy i\u00a0inne narz\u0105dy wewn\u0119trzne.<\/p>\n<p>Za masa\u017c leczniczy, nale\u017c\u0105cy do metod fizjoterapii, uznaje si\u0119 te dzia\u0142ania, kt\u00f3re celowo stosuje si\u0119 w\u00a0celu leczenia chor\u00f3b, zmniejszania nasilenia objaw\u00f3w chorobowych lub zapobiegania chorobom. Nieostra jest jednak granica pomi\u0119dzy masa\u017cem leczniczym a\u00a0innymi rodzajami masa\u017cu, np. masa\u017cem relaksacyjnym. Tym bardziej, \u017ce masa\u017c leczniczy ma zastosowanie r\u00f3wnie\u017c w\u00a0sporcie, kosmetyce, relaksacji, w\u00a0kt\u00f3rych poprzez masa\u017c uzyskuje si\u0119, np. zwi\u0119kszenie masy mi\u0119\u015bniowej, uj\u0119drnienie i\u00a0wyg\u0142adzenie sk\u00f3ry, czy te\u017c odpr\u0119\u017cenie. Wsp\u00f3\u0142cze\u015bnie masa\u017c postrzegany jest, jako dzia\u0142anie harmonizuj\u0105ce funkcje fizyczne i\u00a0psychiczne. Masa\u017c mo\u017cna te\u017c zalicza\u0107 do metod medycyny naturalnej.<\/p>\n<p>Najcz\u0119\u015bciej wymieniane wskazania do stosowania masa\u017cu leczniczego to: choroby i\u00a0dysfunkcje narz\u0105du ruchu, takie jak stany po urazach (po st\u0142uczeniach, skr\u0119ceniach,\u00a0zwichni\u0119ciach\u00a0i\u00a0z\u0142amaniach), zmiany przeci\u0105\u017ceniowe mi\u0119\u015bni, staw\u00f3w, kr\u0105\u017ck\u00f3w mi\u0119dzykr\u0119gowych i\u00a0innych struktur anatomicznych (przeci\u0105\u017canych np. podczas wielogodzinnej pracy siedz\u0105cej), przykurcze i\u00a0zaniki mi\u0119\u015bniowe z\u00a0nieczynno\u015bci, zapalenie staw\u00f3w, mi\u0119\u015bni, \u015bci\u0119gien i\u00a0pochewek \u015bci\u0119gnistych, zerwanie w\u0142\u00f3kien mi\u0119\u015bniowych,\u00a0zm\u0119czenie\u00a0mi\u0119\u015bni po wysi\u0142ku fizycznym, a\u00a0tak\u017ce zmiany zniekszta\u0142caj\u0105ce kostno-stawowe i\u00a0zespo\u0142y b\u00f3lowe w\u00a0przebiegu chor\u00f3b zapalnych i\u00a0zwyrodnieniowych narz\u0105du ruchu (najcz\u0119\u015bciej choroba zwyrodnieniowa kr\u0119gos\u0142upa).<\/p>\n<p>Masa\u017c stosuje si\u0119 r\u00f3wnie\u017c w przebiegu innych zaburze\u0144: u os\u00f3b z przewlek\u0142\u0105 niewydolno\u015bci\u0105 oddechow\u0105 (masa\u017cem rozlu\u017ania si\u0119 pomocnicze mi\u0119\u015bnie oddechowe); w stanach po zakrzepowym zapaleniu \u017cy\u0142 (nie wcze\u015bniej ni\u017c 6 mies. po ust\u0105pieniu choroby), w chorobie Raynauda (I i II stadium), w chorobie Buergera (I i II stadium) oraz obrz\u0119kach limfatycznych; u os\u00f3b z chorobami sk\u00f3ry i tkanki podsk\u00f3rnej (w zaburzeniach od\u017cywczych sk\u00f3ry, bliznach pourazowych i pozabiegowych); u os\u00f3b z chorobami uk\u0142adu nerwowego (w zanikach, niedow\u0142adach i pora\u017ceniach mi\u0119\u015bniowych, uszkodzeniach nerw\u00f3w obwodowych, w kt\u00f3rych masa\u017c wp\u0142ywa rozlu\u017aniaj\u0105co lub pobudzaj\u0105co oraz przeciwb\u00f3lowo).<\/p>\n","protected":false},"excerpt":{"rendered":"<p>Masa\u017cem nazywamy czynno\u015bci, poprzez kt\u00f3re masa\u017cysta dzia\u0142a mechanicznie na sk\u00f3r\u0119, tkanki podsk\u00f3rne, mi\u0119\u015bnie, \u015bci\u0119gna, wi\u0119zad\u0142a, powi\u0119\u017a, torebki i\u00a0wi\u0119zad\u0142a stawowe, uk\u0142ad nerwowy (g\u0142\u00f3wnie receptory nerwowe), naczynia krwiono\u015bne i\u00a0limfatyczne, a\u00a0tak\u017ce na zasadzie zmian odruchowych, na uk\u0142ad kr\u0105\u017cenia, oddechowy, wewn\u0105trzwydzielniczy i\u00a0inne narz\u0105dy wewn\u0119trzne. Za masa\u017c leczniczy, nale\u017c\u0105cy do metod fizjoterapii, uznaje si\u0119 te dzia\u0142ania, kt\u00f3re celowo stosuje si\u0119 [&hellip;]<\/p>\n","protected":false},"author":1,"featured_media":0,"parent":0,"menu_order":0,"comment_status":"closed","ping_status":"closed","template":"","meta":{"footnotes":""},"class_list":["post-133","page","type-page","status-publish","hentry"],"_links":{"self":[{"href":"https:\/\/zdrowielegionowo.pl\/index.php\/wp-json\/wp\/v2\/pages\/133","targetHints":{"allow":["GET"]}}],"collection":[{"href":"https:\/\/zdrowielegionowo.pl\/index.php\/wp-json\/wp\/v2\/pages"}],"about":[{"href":"https:\/\/zdrowielegionowo.pl\/index.php\/wp-json\/wp\/v2\/types\/page"}],"author":[{"embeddable":true,"href":"https:\/\/zdrowielegionowo.pl\/index.php\/wp-json\/wp\/v2\/users\/1"}],"replies":[{"embeddable":true,"href":"https:\/\/zdrowielegionowo.pl\/index.php\/wp-json\/wp\/v2\/comments?post=133"}],"version-history":[{"count":1,"href":"https:\/\/zdrowielegionowo.pl\/index.php\/wp-json\/wp\/v2\/pages\/133\/revisions"}],"predecessor-version":[{"id":134,"href":"https:\/\/zdrowielegionowo.pl\/index.php\/wp-json\/wp\/v2\/pages\/133\/revisions\/134"}],"wp:attachment":[{"href":"https:\/\/zdrowielegionowo.pl\/index.php\/wp-json\/wp\/v2\/media?parent=133"}],"curies":[{"name":"wp","href":"https:\/\/api.w.org\/{rel}","templated":true}]}}