{"id":131,"date":"2024-11-03T20:06:50","date_gmt":"2024-11-03T20:06:50","guid":{"rendered":"https:\/\/zdrowielegionowo.pl\/?page_id=131"},"modified":"2024-11-03T20:06:50","modified_gmt":"2024-11-03T20:06:50","slug":"pole-magnetyczne","status":"publish","type":"page","link":"https:\/\/zdrowielegionowo.pl\/index.php\/pole-magnetyczne\/","title":{"rendered":"Pole magnetyczne"},"content":{"rendered":"<p>Magnetoterapia to jedna z cz\u0119\u015bciej stosowanych metod fizykoterapeutycznych. Polega ona na wykorzystaniu leczniczych w\u0142a\u015bciwo\u015bci pola magnetycznego, kt\u00f3re przenika w g\u0142\u0105b zmienionych chorobowo tkanek i mobilizuje je do regeneracji. Zabiegi z u\u017cyciem pola magnetycznego pomagaj\u0105 zredukowa\u0107 b\u00f3l i stan zapalny, niweluj\u0105 obrz\u0119ki oraz przyspieszaj\u0105 gojenie.<\/p>\n<p>Pole magnetyczne stosowane w fizykoterapii jest rodzajem energii wytwarzanej przez dzia\u0142anie magnes\u00f3w oraz specjalnych urz\u0105dze\u0144 (impulsowe pole magnetyczne niskiej cz\u0119stotliwo\u015bci). Ze wzgl\u0119du na w\u0142a\u015bciwo\u015bci zabiegu magnetoterapii, leczenie tego typu ma bardzo wiele zalet. Przyk\u0142adem mo\u017ce by\u0107 zwi\u0119kszona przenikalno\u015b\u0107, sprzyjaj\u0105ca penetracji w g\u0142\u0105b zmienionych chorobowo tkanek.<\/p>\n<p>W Polsce stosuje si\u0119 pole magnetyczne o cz\u0119stotliwo\u015bci nieprzekraczaj\u0105cej 60 Hz, najcz\u0119\u015bciej ma ono charakter impulsowy. Wspomniane impulsy mog\u0105 mie\u0107 kszta\u0142t prostok\u0105t\u00f3w, tr\u00f3jk\u0105t\u00f3w lub sinusoidy. Pierwsze\u00a0wykorzystywane s\u0105 w przypadku, gdy proces chorobowy dotyczy struktur kostnych. Tr\u00f3jk\u0105ty przeznaczone s\u0105 dla obszar\u00f3w chrz\u0105stek stawowych, element\u00f3w wi\u0119zad\u0142owych i \u015bci\u0119gnistych. Ostatnie (o przebiegu sinusoidy) najlepiej sprawdzaj\u0105 si\u0119 w dysfunkcjach mi\u0119\u015bni oraz sk\u0142adowych uk\u0142adu nerwowego. Urz\u0105dzeniem do wykonywania zabiegu magnetoterapii jest magnetronik.<\/p>\n<p>Leczenie polem magnetycznym, ze wzgl\u0119du na brak termicznego dzia\u0142ania, ma wiele zastosowa\u0144. Dzi\u0119ki brakowi wzrostu temperatury podczas zabiegu, ma on r\u00f3wnie\u017c wykorzystanie w okresach zaostrze\u0144 proces\u00f3w chorobowych. W\u015br\u00f3d g\u0142\u00f3wnych wskaza\u0144 do terapii wyr\u00f3\u017cnia si\u0119:<\/p>\n<ul>\n<li>choroby o pod\u0142o\u017cu zwyrodnieniowo\u2013wytw\u00f3rczym,<\/li>\n<li>z\u0142amania,<\/li>\n<li>zwichni\u0119cia, skr\u0119cenia i inne urazy,<\/li>\n<li>chroniczne procesy zapalne w obr\u0119bie tkanek mi\u0119kkich, staw\u00f3w, ko\u015bci, nerw\u00f3w,<\/li>\n<li>osteoporoz\u0119,<\/li>\n<li>okresy rekonwalescencji po niekt\u00f3rych zabiegach operacyjnych (np. po wszczepieniu endoprotezy),<\/li>\n<li>spastyczno\u015b\u0107,<\/li>\n<li>migren\u0119,<\/li>\n<li>niep\u0142odno\u015b\u0107,<\/li>\n<li>nie\u017cyt oskrzeli, astm\u0119, zapalenie zatok,<\/li>\n<li>chorob\u0119 Crohna,<\/li>\n<li>wrzody \u017co\u0142\u0105dka w fazie przewlek\u0142ej,<\/li>\n<li>rozrost prostaty,<\/li>\n<li>atrofi\u0119 Sudecka i bardzo wiele innych.<\/li>\n<\/ul>\n","protected":false},"excerpt":{"rendered":"<p>Magnetoterapia to jedna z cz\u0119\u015bciej stosowanych metod fizykoterapeutycznych. Polega ona na wykorzystaniu leczniczych w\u0142a\u015bciwo\u015bci pola magnetycznego, kt\u00f3re przenika w g\u0142\u0105b zmienionych chorobowo tkanek i mobilizuje je do regeneracji. Zabiegi z u\u017cyciem pola magnetycznego pomagaj\u0105 zredukowa\u0107 b\u00f3l i stan zapalny, niweluj\u0105 obrz\u0119ki oraz przyspieszaj\u0105 gojenie. Pole magnetyczne stosowane w fizykoterapii jest rodzajem energii wytwarzanej przez dzia\u0142anie [&hellip;]<\/p>\n","protected":false},"author":1,"featured_media":0,"parent":0,"menu_order":0,"comment_status":"closed","ping_status":"closed","template":"","meta":{"footnotes":""},"class_list":["post-131","page","type-page","status-publish","hentry"],"_links":{"self":[{"href":"https:\/\/zdrowielegionowo.pl\/index.php\/wp-json\/wp\/v2\/pages\/131","targetHints":{"allow":["GET"]}}],"collection":[{"href":"https:\/\/zdrowielegionowo.pl\/index.php\/wp-json\/wp\/v2\/pages"}],"about":[{"href":"https:\/\/zdrowielegionowo.pl\/index.php\/wp-json\/wp\/v2\/types\/page"}],"author":[{"embeddable":true,"href":"https:\/\/zdrowielegionowo.pl\/index.php\/wp-json\/wp\/v2\/users\/1"}],"replies":[{"embeddable":true,"href":"https:\/\/zdrowielegionowo.pl\/index.php\/wp-json\/wp\/v2\/comments?post=131"}],"version-history":[{"count":1,"href":"https:\/\/zdrowielegionowo.pl\/index.php\/wp-json\/wp\/v2\/pages\/131\/revisions"}],"predecessor-version":[{"id":132,"href":"https:\/\/zdrowielegionowo.pl\/index.php\/wp-json\/wp\/v2\/pages\/131\/revisions\/132"}],"wp:attachment":[{"href":"https:\/\/zdrowielegionowo.pl\/index.php\/wp-json\/wp\/v2\/media?parent=131"}],"curies":[{"name":"wp","href":"https:\/\/api.w.org\/{rel}","templated":true}]}}